{"id":1156,"date":"2020-07-07T16:32:34","date_gmt":"2020-07-07T14:32:34","guid":{"rendered":"http:\/\/www.simillimum.org\/astrologia\/?page_id=1156"},"modified":"2020-08-22T11:54:57","modified_gmt":"2020-08-22T09:54:57","slug":"un-systeme-astrologique-a-douze-planetes","status":"publish","type":"page","link":"https:\/\/www.simillimum.org\/astrologia\/astrologie-integrative\/un-systeme-astrologique-a-douze-planetes\/","title":{"rendered":"Un syst\u00e8me astrologique \u00e0 douze plan\u00e8tes"},"content":{"rendered":"<p><img loading=\"lazy\" decoding=\"async\" class=\"size-medium wp-image-1176 alignleft\" src=\"http:\/\/www.simillimum.org\/astrologia\/wp-content\/uploads\/sites\/2\/2020\/07\/Maitrise-septenaire-3-297x300.png\" alt=\"\" width=\"297\" height=\"300\" srcset=\"https:\/\/www.simillimum.org\/astrologia\/wp-content\/uploads\/sites\/2\/2020\/07\/Maitrise-septenaire-3-297x300.png 297w, https:\/\/www.simillimum.org\/astrologia\/wp-content\/uploads\/sites\/2\/2020\/07\/Maitrise-septenaire-3-768x775.png 768w, https:\/\/www.simillimum.org\/astrologia\/wp-content\/uploads\/sites\/2\/2020\/07\/Maitrise-septenaire-3.png 800w\" sizes=\"auto, (max-width: 297px) 100vw, 297px\" \/>Tout astrologue moderne s&rsquo;est un jour pos\u00e9 la question de l&rsquo;asym\u00e9trie des domiciliations actuelles puisque seulement 10 plan\u00e8tes sont utilis\u00e9es pour 12 signes, et que la Vierge et les Gemeaux d&rsquo;une part, ainsi que la Balance et le Taureau d&rsquo;autre part, sont toujours gouvern\u00e9s par une seule plan\u00e8te. Ce d\u00e9calage n&rsquo;est logique ni sur le plan symbolique, mythologique, num\u00e9rologique et psychologique.<\/p>\n<p>Cela nous parait pour le moins bancal.<\/p>\n<p>De ce fait certains astrologues ont \u00e9mis l&rsquo;hypoth\u00e8se de deux plan\u00e8tes manquantes qui viendraient compl\u00e9ter le puzzle, comme les \u00e9l\u00e9ments manquants de la table p\u00e9riodique des \u00e9l\u00e9ments en son temps.<\/p>\n<p>Patrice Genty \u00e9crivait en 1925 ceci : \u00ab\u00a0Il faut tenir compte \u00e9videmment de toutes les plan\u00e8tes et se garder d&rsquo;imiter certains astrologues modernes, qui sous pr\u00e9texte que les Anciens ne les connaissaient pas, n\u00e9gligent Uranus et Neptune, dont l&rsquo;action est fort importante. <strong>Malheureusement, les deux plan\u00e8tes transneptuniennes, Pluton et Proserpine, n&rsquo;ont pas encore \u00e9t\u00e9 d\u00e9couvertes astronomiquement, bien que leur existence soit extr\u00eamement probable<\/strong>. Leurs qualit\u00e9s astrologiques ont \u00e9t\u00e9 d\u00e9termin\u00e9es par Eug\u00e8ne Caslant, tout comme la classification p\u00e9riodique des corps simples permit de d\u00e9terminer a priori les propri\u00e9t\u00e9s d&rsquo;\u00e9l\u00e9ments encore inconnus\u00a0\u00bb (Le Voile d&rsquo;Isis, page 522, Aout \u2013 Septembre, N\u00b0 68\u00a0 &#8211; 69, N\u00b0 sp\u00e9cial consacr\u00e9 \u00e0 l&rsquo;astrologie, 1925). Il semble donc que ce soit E. Caslant le premier qui pr\u00e9dit l&rsquo;existence de Pluton et Proserpine avant leurs d\u00e9couvertes (Pluton a \u00e9t\u00e9 d\u00e9couverte en 1930).<\/p>\n<p>En effet, Eug\u00e8ne Caslant (1865 \u2013 1940), astrologue, polytechnicien, lieutenant-colonel dans son livre \u00ab\u00a0les bases \u00e9l\u00e9mentaires de l&rsquo;astrologie\u00a0\u00bb (publi\u00e9 aux Editions Traditionnelles en 1976) utilise un syst\u00e8me \u00e0 12 plan\u00e8tes qui comprend la plan\u00e8te trans plutonienne qu&rsquo;il a nomm\u00e9 Proserpine et pour laquelle il a d\u00e9termin\u00e9 une symbolique, la ma\u00eetrise du Taureau et donne ce glyphe\u00a0 <img loading=\"lazy\" decoding=\"async\" class=\"alignnone wp-image-1157\" src=\"http:\/\/www.simillimum.org\/astrologia\/wp-content\/uploads\/sites\/2\/2020\/07\/Proserpine.png\" alt=\"\" width=\"23\" height=\"24\" \/>.<\/p>\n<p>Jean Carteret (1906 \u2013 1980) utilisait un syst\u00e8me \u00e0 douze plan\u00e8tes. Il avait propos\u00e9 d&rsquo;ajouter la transplutonienne Proserpine d\u00e9termin\u00e9e par Caslant, et Vulcain une hypoth\u00e9tique plan\u00e8te orbitant entre le Soleil et Mercure dont l&rsquo;existence avait \u00e9t\u00e9 postul\u00e9e par <a href=\"https:\/\/fr.wikipedia.org\/wiki\/Urbain_Le_Verrier\">Urbain Le Verrier<\/a> en 1860 pour expliquer les avances de phases de Mercure non justifi\u00e9es par l&rsquo;influence de toutes les plan\u00e8tes connues. Il est bien s\u00fbr aujourd&rsquo;hui admis que la plan\u00e8te Vulcain n&rsquo;existe pas.<\/p>\n<p>Pour Carteret, Proserpine et Vulcain \u00e9taient les deux plan\u00e8tes manquante, Proserpine \u00e9tant la transcendance de V\u00e9nus (passage de la femme intime \u00e0 la femme \u00e9mancip\u00e9e) et Vulcain la transcendance de Mercure (passage du mental au supramental) (<a href=\"http:\/\/blockhaus.editions.free.fr\/B6P12-15.htm\">Jean Carteret, la structure plan\u00e9taire<\/a>).<\/p>\n<p>En 1953, le nom Persephone a \u00e9t\u00e9 propos\u00e9 par l\u2019astronome allemand H.H Kritzinger pour d\u00e9signer la plan\u00e8te trans plutonienne suppos\u00e9e, puisque l\u2019objet \u00e9tait juste au-del\u00e0 de Pluton (dieu des enfers) elle devait \u00eatre sa par\u00e8dre (Pers\u00e9phone comme reine des enfers) (Hypothetical Trans neptunian planets, Die Sterne, Vol 39, N\u00b01\u00a0 &#8211; 2 , 1963, page 6-10).<\/p>\n<p>Robert Ambelain, publiait dans les cahiers astrologiques N\u00b0 74, page 113, mai juin 1958 un article s&rsquo;intitulant \u00ab\u00a0Kor\u00e9 la 10\u00b0 plan\u00e8te\u00a0\u00bb o\u00f9 il suppose l&rsquo;existence d&rsquo;une plan\u00e8te transplutonienne qu&rsquo;il appelle du nom d&rsquo;enfant de Proserpine, Kor\u00e9 (publi\u00e9 \u00e9galement dans un ouvrage : Kor\u00e9 la 10\u00b0 plan\u00e8te, Robert Ambelain, Editions Bussi\u00e8res) et \u00e0 qui il donne la maitrise du Taureau.<\/p>\n<p>Dane Rudhyar, en 1969, reprit le nom de Proserpine comme la plan\u00e8te transplutonienne hypoth\u00e9tique propos\u00e9e par Caslant, Carteret et Ambelain en lui donnant \u00e9galement la maitrise du Taureau.<\/p>\n<p>\u00ab\u00a0L\u2019homme d\u00e9couvrira-t-il \u2014 peut-\u00eatre au d\u00e9but du 2l\u00e8me si\u00e8cle \u2014 une autre plan\u00e8te au-del\u00e0 de Pluton ? L\u2019existence d\u2019une telle plan\u00e8te a \u00e9t\u00e9 consid\u00e9r\u00e9e comme probable par certains astronomes; et certains astrologues, en Am\u00e9rique et en Europe, ont non seulement calcul\u00e9 l\u2019orbite g\u00e9n\u00e9rale qu\u2019elle peut avoir, mais ont parl\u00e9 de plusieurs plan\u00e8tes plus lointaines. Leur existence n\u2019est pas du tout impossible ; mais mon sentiment est qu\u2019une seule plan\u00e8te doit bient\u00f4t \u00eatre d\u00e9couverte au-del\u00e0 de Pluton, et il y a de nombreuses ann\u00e9es, j\u2019en ai parl\u00e9 \u2014 comme une hypoth\u00e8se \u2014 en lui donnant le nom de Proserpine. (Les astrologues n\u00e9erlandais ont utilis\u00e9 \u00e0 la place le nom grec, Pers\u00e9phone). S\u2019il existe, il serait naturellement et logiquement le symbole d\u2019une renaissance concr\u00e8te apr\u00e8s la triple crise sur le chemin de la transformation. Cela signifierait le fondement d\u2019un nouveau type d\u2019existence humaine dans lequel le dualisme de la vie et de la mort serait transcend\u00e9 par une conscience capable d\u2019exp\u00e9rimenter cycliquement \u00e0 la fois sans perte d\u2019identit\u00e9 \u2014 une condition relative au grand mythe de la d\u00e9esse Proserpine qui a pass\u00e9 un tiers de son existence avec Pluton dans le \u00ab monde souterrain \u00bb et les deux autres tiers \u00e0 la surface de la Terre, comme symbole d\u2019une v\u00e9g\u00e9tation renouvel\u00e9e. Proserpine repr\u00e9senterait alors l\u2019esprit de l\u2019Initi\u00e9 qui, comme le Lazare de l\u2019Evangile, a connu la mort et est ressuscit\u00e9 par la puissance d\u2019un \u00catre divin, de son Ma\u00eetre\u00a0\u00bb (Astrological Timing, The Transition to the New Age, Dane Rudhyar, 1969).<\/p>\n<p>En 1973, Raymond Abellio dans son livre la \u00ab\u00a0fin de l&rsquo;\u00e9sot\u00e9risme\u00a0\u00bb disait ceci : \u00ab\u00a0<em> Le syst\u00e8me astrologique englobant les trois plan\u00e8tes nouvelles doit s&rsquo;ouvrir pour \u00eatre complet sur une ou plusieurs plan\u00e8tes transplutonienne marquant l&rsquo;amorce, \u00e0 la fin de l&rsquo;\u00e8re des guerres plan\u00e9taires, d&rsquo;un nouveau cycle de civilisation, tout \u00e0 fait diff\u00e9rent du n\u00f4tre, et \u00e9quilibrant les valeurs compl\u00e9mentaires et oppos\u00e9es de coordination et d&rsquo;expansion. Tel serait en particuliers, le sens de la plan\u00e8te Proserpine dont parle Jean Carteret\u00a0\u00bb.<\/em><\/p>\n<p>En 1985, c&rsquo;est au tour de Jean de Larche de reprendre le flambeau dans \u00ab\u00a0Astrologie transcendantale : Karma et r\u00e9g\u00e9n\u00e9ration \u00a0\u00bb dans lequel il nommait les deux plan\u00e8tes manquantes Proserpine et Cer\u00e8s, en donnant la maitrise du Taureau \u00e0 Proserpine.<\/p>\n<p>En 2009 il disait : \u00ab\u00a0Avec la d\u00e9couverte des trans saturniennes, on \u00e9tait en pr\u00e9sence de dix plan\u00e8tes pour douze signes et douze maisons. Pour que le mod\u00e8le astrologique soit pleinement op\u00e9ratoire il doit mettre en correspondance analogique une seule plan\u00e8te avec un seul signe et une seule maison. A partir de l&rsquo;ancien sept\u00e9naire des plan\u00e8tes, l&rsquo;astrologue est progressivement conduit \u00e0 postuler un syst\u00e8me duod\u00e9naire qui r\u00e9ponde mieux aux besoins de clart\u00e9, d&rsquo;efficacit\u00e9 et de beaut\u00e9\u00a0\u00bb (Jean de Larche, Cer\u00e8s).<\/p>\n<p>Par la suite, en 2012, Jean de Larche lui consacra un ouvrage entier \u00a0\u00bb Kor\u00e9, Pr\u00e9sentation et analyse de la plan\u00e8te ma\u00eetresse du signe du Taureau\u00a0\u00bb.<\/p>\n<p>En 1987 Pierre Lassalle, annon\u00e7ait la d\u00e9couverte imminente de Proserpine dans son ouvrage intitul\u00e9 <em>\u00ab\u00a0Pratique de la nouvelle Astrologie \u00bb aux Editions De Vecchi\u00a0\u00bb. <\/em>Selon lui elle symbolise : nouvelle Terre, cycles de la Nature, reconstruction, renaissance, r\u00e9incarnation, saison, nourriture spirituelle, richesse int\u00e9rieure, restructuration, myst\u00e8re de la mort.\u00a0\u00bb Il pr\u00e9cise : \u00ab\u00a0Sa d\u00e9couverte est imminente et elle aura un r\u00f4le \u00e0 jouer au prochain si\u00e8cle, en tant que ma\u00eetresse du signe du Taureau \u00ab\u00a0.<\/p>\n<p>Du c\u00f4t\u00e9 des pays anglo-saxons, le concept d&rsquo;une plan\u00e8te trans plutonienne \u00e9tait tr\u00e8s fort tant chez les astronomes que les astrologues. Cette plan\u00e8te hypoth\u00e9tique a \u00e9t\u00e9 nomm\u00e9e diff\u00e9remment outre-Atlantique \u2014 Pers\u00e9phone, Isis, Minerva et Bacchus \u2014 mais Transpluto \u00a0\u00e9tait \u00a0sa d\u00e9signation la plus commun\u00e9ment accept\u00e9e.<\/p>\n<p>Lynn Koiler, une astrologue et chercheuse am\u00e9ricaine disait : \u00ab\u00a0en 1972, Quand j\u2019ai obtenu l\u2019\u00e9ph\u00e9m\u00e9ride de Transpluto, j\u2019ai d\u00e9cid\u00e9 que cette plan\u00e8te r\u00e9gnerait soit sur le Taureau, soit sur la Vierge. Ces deux signes partagent une double domiciliation \u2014 le Taureau et la Balance sont actuellement gouvern\u00e9s par V\u00e9nus et les G\u00e9meaux et la Vierge sont actuellement gouvern\u00e9s par Mercure. Dans le pass\u00e9, le Capricorne et le Verseau \u00e9taient gouvern\u00e9s par Saturne jusqu\u2019\u00e0 la d\u00e9couverte d\u2019Uranus, le Sagittaire et les Poissons \u00e9taient gouvern\u00e9s par Jupiter jusqu\u2019\u00e0 la d\u00e9couverte de Neptune, et le B\u00e9lier et le Scorpion \u00e9taient gouvern\u00e9s par Mars jusqu\u2019\u00e0 la d\u00e9couverte de Pluton. Des d\u00e9couvertes astronomiques ult\u00e9rieures permettront de r\u00e9soudre le jumelage G\u00e9meaux\/Vierge et Taureau\/Balance\u00a0\u00bb.<\/p>\n<p>Plus r\u00e9cemment (1994) une astrologue am\u00e9ricaine, Valerie Vaughan, publiait un livre \u00ab\u00a0Persephone is Transpluto\u00a0\u00bb, dans lequel elle pr\u00e9dit que la plan\u00e8te hypoth\u00e9tique transplutonienne devrait s&rsquo;appeler Pers\u00e9phone (nom grec de Proserpine).<\/p>\n<p>J.R. Hawkins, un astrologue am\u00e9ricain a \u00e9galement \u00e9crit un livre sur Transpluto, et avait propos\u00e9 de l\u2019appeler Bacchus (Transpluto or should we call him, Bacchus, J.R. Hawkins, 1976).<\/p>\n<p>L&rsquo;id\u00e9e de l&rsquo;ajout de deux corps plan\u00e9taires nouveaux pour atteindre un syst\u00e8me plus logique de douze plan\u00e8tes, douze signes et douze maisons n&rsquo;est donc pas une id\u00e9e bizarre ni aberrante, bien au contraire, et nous voyons que le nom de Proserpine (Persephone, Kor\u00e9) est celui qui a retenu l&rsquo;accord de la plupart des astrologues ayant travaill\u00e9 sur la question pour la onzi\u00e8me plan\u00e8te post plutonienne en lui accordant la maitrise du Taureau.<\/p>\n<p><strong>De ce fait, les noms de Pers\u00e9phone et de Proserpine n&rsquo;auraient pas du \u00eatre donn\u00e9 \u00e0 des ast\u00e9ro\u00efdes de la ceinture d&rsquo;ast\u00e9ro\u00efdes. <\/strong><\/p>\n<p>Et donc \u00e0 ce jour, la plan\u00e8te hypoth\u00e9tique Proserpine n&rsquo;est associ\u00e9e \u00e0 aucun corps plan\u00e9taire r\u00e9el.<\/p>\n<p>En reprenant ce dossier lors des d\u00e9buts de ma recherche sur ce sujet, j&rsquo;ai consid\u00e9r\u00e9 les plan\u00e8tes class\u00e9es naines par l&rsquo;Union Astronomique Internationale (UAI) comme \u00e9tant les seules candidates non seulement potentielles mais encore l\u00e9gitimes pour ces deux corps manquants.<\/p>\n<p>De plus, depuis que Pluton a \u00e9t\u00e9 r\u00e9trograd\u00e9 au rang de plan\u00e8te naine par l\u2019UAI, il devenait encore plus \u00e9vident qu&rsquo;aucune raison valable ni astronomique ni symbolique n&rsquo;existait pour les exclure du champ d&rsquo;investigation.<\/p>\n<p>La question \u00e9tait plut\u00f4t de savoir lesquelles choisir, puisqu&rsquo;en dehors de Pluton, l&rsquo;UAI a class\u00e9 4 autres plan\u00e8tes naines, et qu&rsquo;il y en aura probablement d&rsquo;autres \u00e0 l&rsquo;avenir.<\/p>\n<p>Ces plan\u00e8tes naines sont les suivantes : C\u00e9r\u00e8s, faisant partie de la ceinture d&rsquo;ast\u00e9ro\u00efdes, puis juste apr\u00e8s Pluton, Haumea, Makemake et Eris.<\/p>\n<p>Il \u00e9tait pour moi illogique d&rsquo;utiliser C\u00e9r\u00e8s puisque tout ce qui infra saturnien doit rester tel quel, de fa\u00e7on \u00e0 respecter la structure du sept\u00e9naire traditionnel.<\/p>\n<p style=\"text-align: left;\">Voici les donn\u00e9es astronomiques de ces quatre autres objets reconnus comme nano-plan\u00e8tes par l&rsquo;Union Astronomique Internationale (actualis\u00e9es 15 Octobre 2017) :<\/p>\n<p><img loading=\"lazy\" decoding=\"async\" class=\"wp-image-1166 size-full aligncenter\" src=\"http:\/\/www.simillimum.org\/astrologia\/wp-content\/uploads\/sites\/2\/2020\/07\/Plan\u00e8tes-naines-constantes-astronomiques.png\" alt=\"\" width=\"632\" height=\"155\" srcset=\"https:\/\/www.simillimum.org\/astrologia\/wp-content\/uploads\/sites\/2\/2020\/07\/Plan\u00e8tes-naines-constantes-astronomiques.png 632w, https:\/\/www.simillimum.org\/astrologia\/wp-content\/uploads\/sites\/2\/2020\/07\/Plan\u00e8tes-naines-constantes-astronomiques-300x74.png 300w\" sizes=\"auto, (max-width: 632px) 100vw, 632px\" \/><\/p>\n<p style=\"text-align: left;\">Le plus logique \u00e9tait donc d&rsquo;investiguer les deux plan\u00e8tes naines juste post plutoniennes, c\u2019est-\u00e0-dire, Haumea et Makemake. \u00a0J&rsquo;\u00e9liminais Eris de ce fait, mais aussi parce que son orbite est tr\u00e8s excentr\u00e9e par rapport \u00e0 l&rsquo;\u00e9cliptique.<\/p>\n<p>Mes hypoth\u00e8ses de d\u00e9part \u00e9taient donc les suivantes :<\/p>\n<p><em>Haumea et Makemake seraient les deux corps plan\u00e9taires manquant au puzzle astrologique.<\/em><\/p>\n<p>Pour respecter la logique inh\u00e9rente au syst\u00e8me traditionnel, les noms donn\u00e9s \u00e0 ces plan\u00e8tes doivent rester dans le panth\u00e9on des divinit\u00e9s gr\u00e9co-romaines, et puisque nos pr\u00e9d\u00e9cesseurs ont d\u00e9j\u00e0 pr\u00e9dit le nom de la post plutonienne, Haumea pourrait \u00eatre la Proserpine pr\u00e9dite par Eug\u00e8ne Caslant, celle-ci \u00e9tant la femme de Pluton.<\/p>\n<p>Haumea est la premi\u00e8re nano-plan\u00e8te d\u00e9couverte depuis celle de Pluton en 1930. Sa d\u00e9couverte fut controvers\u00e9e et contest\u00e9e par deux \u00e9quipes.<\/p>\n<p>Jos\u00e9 Luis Moreno Ortiz et son \u00e9quipe de l&rsquo;Instituto de Astrof\u00edsica de l&rsquo;Andalousie \u00e0 la Sierra Observatoire du Nevada en Espagne, annonce avoir d\u00e9couvert Haumea sur des images prises en Mars 2003. Un email d&rsquo;Ortiz \u00e0 la MPC (Minor Planet Center) annonce leur d\u00e9couverte du 7 Mars 2003, dans la nuit du 27 Juillet 2005.<\/p>\n<p>Mike Brown et son \u00e9quipe de Caltech d\u00e9couvre Haumea en D\u00e9cembre 2004, \u00e0 partir d&rsquo;images prises le 6 Mai 2004. Le 20 Juillet 2005, il publie un rapport (non officiel) qui devait \u00eatre lu lors d&rsquo;une conf\u00e9rence en Septembre 2005.<\/p>\n<p>Selon le protocole de l\u2019Union Astronomique (UAI) Internationale le cr\u00e9dit de la d\u00e9couverte d\u2019une plan\u00e8te mineure va \u00e0 celui qui donne le premier un rapport avec suffisamment de donn\u00e9es positionnelles. C&rsquo;est donc l&rsquo;\u00e9quipe d&rsquo;Ortiz qui fut cr\u00e9dit\u00e9 de cette d\u00e9couverte.<\/p>\n<p>Toujours selon l&rsquo;UAI le d\u00e9couvreur cr\u00e9dit\u00e9 a la priorit\u00e9 pour la nommer. L&rsquo;\u00e9quipe d&rsquo;Ortiz propose ainsi le nom de Ataegina, une d\u00e9esse ib\u00e9rique, d&rsquo;une part car cette divinit\u00e9 \u00e9tait v\u00e9n\u00e9r\u00e9e dans cette r\u00e9gion de l&rsquo;Espagne, et d&rsquo;autre part car elle \u00e9tait l&rsquo;\u00e9quivalent de la d\u00e9esse romaine Proserpine, \u00e9pouse mythique de Pluton.<\/p>\n<p>Cependant cette nomination fut rejet\u00e9e par l&rsquo;UAI car selon ses r\u00e8gles les objets de la ceinture de Kuiper (ce qu&rsquo;est Haumea) doivent avoir un nom d&rsquo;une divinit\u00e9 li\u00e9e \u00e0 la cr\u00e9ation, ce qui n&rsquo;\u00e9tait pas le cas de Ataegina.<\/p>\n<p>La question que l&rsquo;on peut l\u00e9gitimement se poser est pour quelles raisons l&rsquo;\u00e9quipe d&rsquo;Ortiz, connaissant certainement ces r\u00e8gles, voulut malgr\u00e9 tout la nommer du nom d&rsquo;une divinit\u00e9 chtonienne comme Ataegina?<\/p>\n<p>En tout cas, Ataegina \u00e9tant l&rsquo;\u00e9quivalent ib\u00e8re de Proserpine, ceci est un sacr\u00e9 clin d&rsquo;\u0153il de l&rsquo;histoire pour confirmer notre hypoth\u00e8se.<\/p>\n<p>Vient ensuite Makemake, et le nom que l&rsquo;on pourrait lui attribuer dans la tradition gr\u00e9co-romaine.<\/p>\n<p>Makemake qui a \u00e9t\u00e9 d\u00e9couverte le 31 mars 2005 par Michael E. Brown, Chadwick Trujillo et David L. Rabinowitz du California Institute of Technology. Elle constitue la seconde nano-plan\u00e8te trans plutonienne, apr\u00e8s Haumea.<\/p>\n<p>Sa p\u00e9riode orbitale est de pr\u00e8s de 310 ans, \u00e0 comparer aux 248 ann\u00e9es de Pluton et 283 ann\u00e9es de Haum\u00e9a.<\/p>\n<p>La nano plan\u00e8te Makemake a \u00e9t\u00e9 d\u00e9couverte au moment de la f\u00eate de P\u00e2ques chr\u00e9tienne le 31 mars 2005. Michael Brown, en raison de la date de la d\u00e9couverte voulu d&rsquo;abord l&rsquo;appeler \u00c9ostre, divinit\u00e9 anglo-saxone dont est tir\u00e9 le nom Easter, \u00e9quivalent anglais de \u00ab P\u00e2ques \u00bb. Il \u00e9carta ensuite ce nom en raison de l&rsquo;existence de l&rsquo;ast\u00e9ro\u00efde Ostara et lui pr\u00e9f\u00e9ra Makemake, dieu cr\u00e9ateur des autochtones de l&rsquo;ile Rapa Nui (renomm\u00e9e ile de P\u00e2ques, car d\u00e9couverte le dimanche de P\u00e2ques en 1722).<\/p>\n<p>Cependant si les synchronicit\u00e9s ont un sens, il semble important de relier la symbolique mythique de cette plan\u00e8te \u00e0 celle de P\u00e2ques (comme l&rsquo;avait fait Mikael Brown au d\u00e9but d&rsquo;ailleurs), f\u00eate chr\u00e9tienne et non \u00e0 la religion des autochtones de l&rsquo;ile <em>Rapa Nui <\/em>qui bien s\u00fbr n&rsquo;a rien \u00e0 voir avec la f\u00eate de P\u00e2ques<em>. <\/em>Nous avons pour rester dans la tradition astrologique renomm\u00e9 Makemake, \u00ab\u00a0Bacchus\u00a0\u00bb, Dieu romain \u00e9quivalent du Dieu grec Dionysos, dont la symbolique est, selon nous, la plus proche de celle du mythe chr\u00e9tien.<\/p>\n<p>Beno\u00eet XVI note dans son J\u00e9sus de Nazareth : \u00ab\u00a0Comme [&#8230;] Le Seigneur a donn\u00e9 le pain et le vin comme les supports de la Nouvelle Alliance, il n\u2019est certes pas interdit de penser [&#8230;] et de voir transpara\u00eetre dans l\u2019histoire de Cana, le myst\u00e8re du Logos et de sa liturgie cosmique, dans laquelle le mythe de Dionysos [Bacchus] est compl\u00e8tement transform\u00e9 tout en \u00e9tant conduit \u00e0 sa v\u00e9rit\u00e9 cach\u00e9e\u00a0\u00bb.<\/p>\n<p>Dionysos serait n\u00e9 un 25 d\u00e9cembre (solstice d&rsquo;hiver). Il est fils de l\u2019union adult\u00e9rine de Zeus et de S\u00e9m\u00e9l\u00e9, fille de Cadmos, roi et fondateur de Th\u00e8bes. Seul dieu grec \u00e0 \u00eatre fils d&rsquo;une mortelle, il est donc n\u00e9 d&rsquo;une vierge. Il est mort, a voyag\u00e9 dans le monde des morts, puis il est ressuscit\u00e9. En souvenir du mythe de Dionysos, ses disciples mangeaient symboliquement son corps et buvait le vin symbolisant le sang.<\/p>\n<p><strong>Tout cela nous conduit \u00e0 Bacchus comme repr\u00e9sentant astrologique de la symbolique de P\u00e2ques.<\/strong><\/p>\n<p>Nous avons d\u00e9couvert post\u00e9rieurement \u00e0 notre travail, qu&rsquo;il existait un livre d\u00e9j\u00e0 ancien, proposant d&rsquo;appeler Bacchus la plan\u00e8te hypoth\u00e9tique nomm\u00e9e \u00e0 l&rsquo;\u00e9poque \u00ab\u00a0Transpluto\u00a0\u00bb: \u00ab\u00a0Transpluto or should we call him Bacchus ?\u00a0\u00bb\u00a0 (John Robert Hawkins 1976).<\/p>\n<p>J&rsquo;ai adopt\u00e9 pour Bacchus le glyphe alchimique de l&rsquo;antimoine <img loading=\"lazy\" decoding=\"async\" class=\"alignnone wp-image-1159\" src=\"http:\/\/www.simillimum.org\/astrologia\/wp-content\/uploads\/sites\/2\/2020\/07\/Glyphe-Bacchus.png\" alt=\"\" width=\"23\" height=\"34\" \/>et l\u00e0 encore j&rsquo;ai d\u00e9couvert a posteriori qu&rsquo;il est tr\u00e8s proche de celui qui avait \u00e9t\u00e9 donn\u00e9 \u00e0 Transpluto\u00a0 <img loading=\"lazy\" decoding=\"async\" class=\"alignnone wp-image-1161\" src=\"http:\/\/www.simillimum.org\/astrologia\/wp-content\/uploads\/sites\/2\/2020\/07\/Transpluto.gif\" alt=\"\" width=\"20\" height=\"27\" \/>.<\/p>\n<p>Ceci sera expliqu\u00e9 dans un article complet consacr\u00e9 \u00e0 Bacchus.<\/p>\n<p><strong>Nos hypoth\u00e8ses de recherche se r\u00e9sument donc ainsi :<\/strong><\/p>\n<ul>\n<li>Il manque deux plan\u00e8tes pour compl\u00e9ter le syst\u00e8me astrologique actuel de dix \u00e0 douze plan\u00e8tes.<\/li>\n<li>Ces deux plan\u00e8tes pourraient \u00eatre les deux nano-plan\u00e8tes Haumea et Makemake.<\/li>\n<li>Le nom de ces deux plan\u00e8tes doit rester dans le panth\u00e9on gr\u00e9co-romain pour respecter la tradition.<\/li>\n<li>Haumea pourrait \u00eatre la Proserpine pr\u00e9dite par Caslant.<\/li>\n<li>Je propose le nom de Bacchus pour Makemake.<\/li>\n<\/ul>\n<p>Toutes ces hypoth\u00e8ses sont \u00e0 v\u00e9rifier maintenant et c&rsquo;est ce que nous avons commenc\u00e9 \u00e0 faire \u00e0 la fois sur des cas individuels mais aussi sur des \u00e9tudes statistiques.<\/p>\n<p><a href=\"https:\/\/www.astro.com\/swisseph\/haumea.htm\">\u00c9ph\u00e9m\u00e9rides de Proserpine<\/a> (nano plan\u00e8te Haumea)<\/p>\n<p><a href=\"https:\/\/www.astro.com\/swisseph\/makemake.htm\">\u00c9ph\u00e9m\u00e9rides de Bacchus<\/a> (nano plan\u00e8te Makemake)<\/p>\n<p>Je vous conseille de lire la suite logique\u00a0 : <a title=\"Les Ma\u00eetrises R\u00e9vis\u00e9es\" href=\"http:\/\/www.simillimum.org\/astrologia\/astrologie-constitutionnelle\/les-maitrises-revisees\/\">Les ma\u00eetrises r\u00e9vis\u00e9es<\/a><\/p>\n","protected":false},"excerpt":{"rendered":"<p>Tout astrologue moderne s&rsquo;est un jour pos\u00e9 la question de l&rsquo;asym\u00e9trie des domiciliations actuelles puisque seulement 10 plan\u00e8tes sont utilis\u00e9es pour 12 signes, et que la Vierge et les Gemeaux d&rsquo;une part, ainsi que la Balance et le Taureau d&rsquo;autre part, sont toujours gouvern\u00e9s par une seule plan\u00e8te. Ce d\u00e9calage n&rsquo;est logique ni sur le [&hellip;]<\/p>\n","protected":false},"author":2,"featured_media":0,"parent":467,"menu_order":1,"comment_status":"open","ping_status":"open","template":"","meta":{"footnotes":""},"class_list":["post-1156","page","type-page","status-publish","hentry"],"aioseo_notices":[],"_links":{"self":[{"href":"https:\/\/www.simillimum.org\/astrologia\/wp-json\/wp\/v2\/pages\/1156","targetHints":{"allow":["GET"]}}],"collection":[{"href":"https:\/\/www.simillimum.org\/astrologia\/wp-json\/wp\/v2\/pages"}],"about":[{"href":"https:\/\/www.simillimum.org\/astrologia\/wp-json\/wp\/v2\/types\/page"}],"author":[{"embeddable":true,"href":"https:\/\/www.simillimum.org\/astrologia\/wp-json\/wp\/v2\/users\/2"}],"replies":[{"embeddable":true,"href":"https:\/\/www.simillimum.org\/astrologia\/wp-json\/wp\/v2\/comments?post=1156"}],"version-history":[{"count":13,"href":"https:\/\/www.simillimum.org\/astrologia\/wp-json\/wp\/v2\/pages\/1156\/revisions"}],"predecessor-version":[{"id":1245,"href":"https:\/\/www.simillimum.org\/astrologia\/wp-json\/wp\/v2\/pages\/1156\/revisions\/1245"}],"up":[{"embeddable":true,"href":"https:\/\/www.simillimum.org\/astrologia\/wp-json\/wp\/v2\/pages\/467"}],"wp:attachment":[{"href":"https:\/\/www.simillimum.org\/astrologia\/wp-json\/wp\/v2\/media?parent=1156"}],"curies":[{"name":"wp","href":"https:\/\/api.w.org\/{rel}","templated":true}]}}