{"id":27,"date":"2017-11-25T20:02:53","date_gmt":"2017-11-25T19:02:53","guid":{"rendered":"http:\/\/www.simillimum.org\/astrologia\/accueil-2\/"},"modified":"2020-11-02T20:34:55","modified_gmt":"2020-11-02T19:34:55","slug":"accueil","status":"publish","type":"page","link":"https:\/\/www.simillimum.org\/astrologia\/","title":{"rendered":"Accueil"},"content":{"rendered":"<h1>L&rsquo;Astrologie Traditionnelle et Int\u00e9grative unifie :<\/h1>\n<ul>\n<li><span style=\"font-size: 16px;\">L&rsquo;astrologie traditionnelle hell\u00e9nistique occidentale et l&rsquo;innovation de la modernit\u00e9 avec un syst\u00e8me comportant 12 plan\u00e8tes, ainsi que des apports symboliques de syst\u00e8mes extra-astrologiques comme les tarots, l&rsquo;enn\u00e9agramme, les cinq \u00e9l\u00e9ments tao\u00efstes, les trois \u00e9l\u00e9ments ayurv\u00e9diques, etc&#8230;<\/span><\/li>\n<li><span style=\"font-size: 16px;\">La recherche avec une m\u00e9thodologie scientifique.<\/span><\/li>\n<\/ul>\n<p>Nous pr\u00e9sentons sur ce site un nouveau mod\u00e8le astrologique \u00e0 douze plan\u00e8tes. Ceci est pour l\u2019instant une hypoth\u00e8se mais qui commence \u00e0 recevoir des validations int\u00e9ressantes sur de\u00a0 nombreux cas individuels mais aussi avec des m\u00e9thodes statistiques modernes.<\/p>\n<p>L\u2019astrologie est pour nous int\u00e9gr\u00e9e \u00e0 un corpus de connaissance plus vaste qui inclus l\u2019\u00e9tude des <a href=\"http:\/\/www.enneagramme-marie.com\">typologies constitutionnelles.<\/a><\/p>\n<p>Nous faisons des ponts et des liens entre tous ces syst\u00e8mes de pens\u00e9es et de connaissance, et ainsi nous avons int\u00e9gr\u00e9 \u00e0 notre nouveau mod\u00e8le astrologique toute une s\u00e9rie d\u2019analogies avec par exemple les lames du tarot, les fleurs de Bach, les types de l\u2019enn\u00e9agramme, les \u00e9l\u00e9ments tao\u00efstes chinois, les \u00e9l\u00e9ments ayurv\u00e9diques, etc\u2026permettant une lecture \u00e0 la fois plus profonde et riche.<\/p>\n<p>La premi\u00e8re \u00e9tape fut de constater l\u2019inach\u00e8vement du syst\u00e8me astrologique moderne comportant seulement dix plan\u00e8tes pour douze signes, la n\u00e9cessit\u00e9 de le parachever et de d\u00e9terminer les deux corps plan\u00e9taires manquants. <a title=\"Un syst\u00e8me astrologique \u00e0 douze plan\u00e8tes\" href=\"http:\/\/www.simillimum.org\/astrologia\/astrologie-constitutionnelle\/un-systeme-astrologique-a-douze-planetes\/\">Voir : Le syst\u00e8me \u00e0 douze plan\u00e8tes &#8211; historique<\/a><\/p>\n<p>Ces deux corps manquants trouv\u00e9s, il fallait leur attribuer une ma\u00eetrise zodiacale. Pour cela nous avons \u00e9tabli une r\u00e9vision du syst\u00e8me des ma\u00eetrises en nous basant sur la logique du syst\u00e8me chald\u00e9en traditionnel et notamment en gardant les doubles domiciliations diurnes et nocturnes. Ceci aboutit \u00e0 une structure solide et logique d\u2019une point de vue math\u00e9matique, symbolique, mythologique et psychologique. Voir : <a title=\"Les Ma\u00eetrises R\u00e9vis\u00e9es\" href=\"http:\/\/www.simillimum.org\/astrologia\/astrologie-constitutionnelle\/les-maitrises-revisees\/\">R\u00e9vision du syst\u00e8me des ma\u00eetrises plan\u00e9taires<\/a><\/p>\n<p>Par la suite nous avons de la m\u00eame fa\u00e7on r\u00e9vis\u00e9 le syst\u00e8me des exaltations, des joies et des triplicit\u00e9s.<\/p>\n<p>Il s\u2019agit simplement de remplir des cases manquantes du puzzle avec une m\u00e9thode rationnelle et empirique et ensuite de proc\u00e9der \u00e0 une v\u00e9rification et une validation par l\u2019\u00e9tude de cas individuels et une m\u00e9thode statistique moderne.<\/p>\n<p>Un des gros changements que nous apportons concerne la ma\u00eetrise d\u2019Uranus attribu\u00e9e g\u00e9n\u00e9ralement au Verseau. Tout une s\u00e9rie d\u2019arguments permet de comprendre qu\u2019Uranus n\u2019est qu\u2019en ma\u00eetrise nocturne dans le signe du Verseau alors que sa ma\u00eetrise diurne est en Capricorne. Nous avons proc\u00e9d\u00e9 \u00e0 une s\u00e9rie d\u2019analyses de th\u00e8mes en \u00e9tudiant o\u00f9 se situait les ma\u00eetres des maisons tombant dans les signes du Capricorne et du Verseau pour nous rendre compte que la ma\u00eetrise diurne d\u2019Uranus en Capricorne et de Saturne en Verseau \u00e9tait quasiment \u00e0 chaque fois beaucoup plus parlante que l\u2019inverse. Nous vous pr\u00e9senterons des cas et vous encourageons \u00e0 le v\u00e9rifier par vous-m\u00eame. Et ceci est vrai que ce soit en natal ou en transits.<\/p>\n<p>&nbsp;<\/p>\n<p><em><span style=\"font-family: arial, helvetica, sans-serif; font-size: 12pt;\">Ce site est en cours de r\u00e9daction et de traduction, merci de votre patience&#8230;<\/span><\/em><\/p>\n<p><span style=\"font-size: 14pt; font-family: times new roman, times, serif;\">\u00a0<\/span><\/p>\n<div class=\"art-content-layout\">\n<div class=\"art-content-layout-row\">\n<div class=\"art-layout-cell layout-item-1\" style=\"width: 33%;\">\n<h3 style=\"text-align: center; padding-bottom: 10px; border-bottom: 1px solid #d9db5c;\"><span style=\"font-size: 14pt; font-family: times new roman, times, serif;\">Structure de l&rsquo;Astrologie Int\u00e9grative<br \/>\n<\/span><\/h3>\n<p style=\"text-align: center;\"><a title=\"Structure de l\u2019Astrologie Int\u00e9grative\" href=\"http:\/\/www.simillimum.org\/astrologia\/astrologie-integrative\/\"><span style=\"font-size: 14pt; font-family: times new roman, times, serif;\"><img loading=\"lazy\" decoding=\"async\" class=\"alignnone wp-image-300\" src=\"http:\/\/www.simillimum.org\/astrologia\/wp-content\/uploads\/sites\/2\/2017\/12\/astrologie-femme-300x269.jpg\" alt=\"\" width=\"224\" height=\"201\" srcset=\"https:\/\/www.simillimum.org\/astrologia\/wp-content\/uploads\/sites\/2\/2017\/12\/astrologie-femme-300x269.jpg 300w, https:\/\/www.simillimum.org\/astrologia\/wp-content\/uploads\/sites\/2\/2017\/12\/astrologie-femme.jpg 400w\" sizes=\"auto, (max-width: 224px) 100vw, 224px\" \/><\/span><\/a><\/p>\n<p style=\"text-align: center;\"><span style=\"font-size: 14pt; font-family: times new roman, times, serif;\"><a class=\"art-button\" title=\"Structure de l\u2019Astrologie Int\u00e9grative\" href=\"http:\/\/www.simillimum.org\/astrologia\/astrologie-integrative\/\">Learn more \u00bb<\/a><\/span><\/p>\n<\/div>\n<div class=\"art-layout-cell layout-item-1\" style=\"width: 33%;\">\n<h3 style=\"text-align: center; padding-bottom: 10px; border-bottom: 1px solid #d9db5c;\"><span style=\"font-size: 14pt; font-family: times new roman, times, serif;\">Portraits astrologiques<br \/>\n<\/span><\/h3>\n<p style=\"text-align: center;\"><a title=\"Portraits astrologique\" href=\"http:\/\/www.simillimum.org\/astrologia\/portraits-astrologique\/\"><img loading=\"lazy\" decoding=\"async\" class=\"alignnone wp-image-679\" src=\"http:\/\/www.simillimum.org\/astrologia\/wp-content\/uploads\/sites\/2\/2018\/05\/Anne-de-Bretagne-254x300.png\" alt=\"\" width=\"205\" height=\"242\" srcset=\"https:\/\/www.simillimum.org\/astrologia\/wp-content\/uploads\/sites\/2\/2018\/05\/Anne-de-Bretagne-254x300.png 254w, https:\/\/www.simillimum.org\/astrologia\/wp-content\/uploads\/sites\/2\/2018\/05\/Anne-de-Bretagne.png 613w\" sizes=\"auto, (max-width: 205px) 100vw, 205px\" \/><\/a><\/p>\n<p style=\"text-align: center;\"><span style=\"font-size: 14pt; font-family: times new roman, times, serif;\"><a class=\"art-button\" title=\"Portraits astrologique\" href=\"http:\/\/www.simillimum.org\/astrologia\/portraits-astrologique\/\">Learn more \u00bb<\/a><\/span><\/p>\n<\/div>\n<div class=\"art-layout-cell layout-item-1\" style=\"width: 33%;\">\n<h3 style=\"text-align: center; padding-bottom: 10px; border-bottom: 1px solid #d9db5c;\"><span style=\"font-size: 14pt; font-family: times new roman, times, serif;\">Recherches et statistiques<br \/>\n<\/span><\/h3>\n<p style=\"text-align: center;\"><a title=\"Recherches et statistiques\" href=\"http:\/\/www.simillimum.org\/astrologia\/recherches-et-statistiques\/\"><img loading=\"lazy\" decoding=\"async\" class=\"alignnone size-medium wp-image-886\" src=\"http:\/\/www.simillimum.org\/astrologia\/wp-content\/uploads\/sites\/2\/2019\/02\/Pand\u00e9mies-et-indices-cycliques-300x165.png\" alt=\"\" width=\"300\" height=\"165\" srcset=\"https:\/\/www.simillimum.org\/astrologia\/wp-content\/uploads\/sites\/2\/2019\/02\/Pand\u00e9mies-et-indices-cycliques-300x165.png 300w, https:\/\/www.simillimum.org\/astrologia\/wp-content\/uploads\/sites\/2\/2019\/02\/Pand\u00e9mies-et-indices-cycliques-768x422.png 768w, https:\/\/www.simillimum.org\/astrologia\/wp-content\/uploads\/sites\/2\/2019\/02\/Pand\u00e9mies-et-indices-cycliques.png 917w\" sizes=\"auto, (max-width: 300px) 100vw, 300px\" \/><\/a><\/p>\n<p style=\"text-align: center;\"><span style=\"font-size: 14pt; font-family: times new roman, times, serif;\"><a class=\"art-button\" title=\"Recherches et statistiques\" href=\"http:\/\/www.simillimum.org\/astrologia\/recherches-et-statistiques\/\">Learn more \u00bb<\/a><\/span><\/p>\n<\/div>\n<\/div>\n<\/div>\n<h1><span style=\"font-size: 14pt; font-family: times new roman, times, serif;\"><span style=\"font-size: 18pt;\">Notre approche avec l&rsquo;astrologie<\/span><br \/>\n<\/span><\/h1>\n<p><img loading=\"lazy\" decoding=\"async\" class=\"size-medium wp-image-175 alignright\" src=\"http:\/\/www.simillimum.org\/astrologia\/wp-content\/uploads\/sites\/2\/2017\/12\/Luna-Chymica-Vannus-286x300.png\" alt=\"\" width=\"286\" height=\"300\" srcset=\"https:\/\/www.simillimum.org\/astrologia\/wp-content\/uploads\/sites\/2\/2017\/12\/Luna-Chymica-Vannus-286x300.png 286w, https:\/\/www.simillimum.org\/astrologia\/wp-content\/uploads\/sites\/2\/2017\/12\/Luna-Chymica-Vannus.png 300w\" sizes=\"auto, (max-width: 286px) 100vw, 286px\" \/><\/p>\n<p>Notre approche de l&rsquo;astrologie est essentiellement empirique, bas\u00e9e sur l&rsquo;observation de cas individuels et les statistiques, et orient\u00e9e vers la th\u00e9rapeutique, c&rsquo;est-\u00e0-dire comment les donn\u00e9es exp\u00e9rimentales d\u00e9duites et valid\u00e9es par les statistiques peuvent \u00eatre utilis\u00e9e dans une orientation th\u00e9rapeutique.<\/p>\n<p>A la base nous sommes arriv\u00e9es \u00e0 l&rsquo;astrologie dans le cadre de nos recherches que nous menons depuis plus d&rsquo;une vingtaine d&rsquo;ann\u00e9es sur l&rsquo;application de l&rsquo;enn\u00e9agramme \u00e0 l&rsquo;hom\u00e9opathie constitutionnelle. Nous utilisons toutes les donn\u00e9es symboliques et mythologiques permettant de mieux comprendre la psych\u00e9 de l&rsquo;\u00eatre humain et nous l&rsquo;appliquons \u00e0 notre pratique hom\u00e9opathique (l&rsquo;auteur de ce site est m\u00e9decin hom\u00e9opathe uniciste), mais \u00e9galement dans la compr\u00e9hension des relations humaines en g\u00e9n\u00e9rale et de la m\u00e9decine comportementale en particuliers (la m\u00e9decine comportementale \u00e9tudie l&rsquo;interaction de nos comportements avec notre sant\u00e9, et comment le changement comportemental peut am\u00e9liorer la sant\u00e9).<\/p>\n<p>Nous avons d\u00e9couvert concernant l&rsquo;astrologie que &#8211; ce que les anciens appelaient &#8211; la <em>dominante plan\u00e9taire<\/em> (dans le th\u00e8me astral de naissance) est statistiquement corr\u00e9l\u00e9 au type constitutionnel tel que d\u00e9fini dans les m\u00e9decines traditionnelles chinoise, ayurv\u00e9dique ou hippocratique.<\/p>\n<p>Ainsi la d\u00e9termination de la dominante plan\u00e9taire r\u00e9alis\u00e9e \u00e0 l&rsquo;aide d&rsquo;un logiciel et d&rsquo;un algorithme particuliers donne un outil de diagnostic constitutionnel au praticien de m\u00e9decine traditionnelle chinoise, ayurv\u00e9dique ou hippocratique, mais aussi \u00e0 l&rsquo;hom\u00e9opathe ou au psychiatre et au psychoth\u00e9rapeute comportementaliste.<\/p>\n<p>Dans ce site nous pr\u00e9sentons les r\u00e9sultats de nos travaux qui incluent une r\u00e9vision du mod\u00e8le astrologique et son lien avec le <a href=\"http:\/\/www.enneagramme-marie.fr\">mod\u00e8le de typologie syst\u00e9mique<\/a> et int\u00e9grative que nous avons d\u00e9velopp\u00e9 depuis maintenant une 20aine d&rsquo;ann\u00e9es.<\/p>\n","protected":false},"excerpt":{"rendered":"<p>L&rsquo;Astrologie Traditionnelle et Int\u00e9grative unifie : L&rsquo;astrologie traditionnelle hell\u00e9nistique occidentale et l&rsquo;innovation de la modernit\u00e9 avec un syst\u00e8me comportant 12 plan\u00e8tes, ainsi que des apports symboliques de syst\u00e8mes extra-astrologiques comme les tarots, l&rsquo;enn\u00e9agramme, les cinq \u00e9l\u00e9ments tao\u00efstes, les trois \u00e9l\u00e9ments ayurv\u00e9diques, etc&#8230; La recherche avec une m\u00e9thodologie scientifique. Nous pr\u00e9sentons sur ce site un nouveau [&hellip;]<\/p>\n","protected":false},"author":2,"featured_media":0,"parent":0,"menu_order":1,"comment_status":"closed","ping_status":"closed","template":"","meta":{"footnotes":""},"class_list":["post-27","page","type-page","status-publish","hentry"],"aioseo_notices":[],"_links":{"self":[{"href":"https:\/\/www.simillimum.org\/astrologia\/wp-json\/wp\/v2\/pages\/27","targetHints":{"allow":["GET"]}}],"collection":[{"href":"https:\/\/www.simillimum.org\/astrologia\/wp-json\/wp\/v2\/pages"}],"about":[{"href":"https:\/\/www.simillimum.org\/astrologia\/wp-json\/wp\/v2\/types\/page"}],"author":[{"embeddable":true,"href":"https:\/\/www.simillimum.org\/astrologia\/wp-json\/wp\/v2\/users\/2"}],"replies":[{"embeddable":true,"href":"https:\/\/www.simillimum.org\/astrologia\/wp-json\/wp\/v2\/comments?post=27"}],"version-history":[{"count":126,"href":"https:\/\/www.simillimum.org\/astrologia\/wp-json\/wp\/v2\/pages\/27\/revisions"}],"predecessor-version":[{"id":1291,"href":"https:\/\/www.simillimum.org\/astrologia\/wp-json\/wp\/v2\/pages\/27\/revisions\/1291"}],"wp:attachment":[{"href":"https:\/\/www.simillimum.org\/astrologia\/wp-json\/wp\/v2\/media?parent=27"}],"curies":[{"name":"wp","href":"https:\/\/api.w.org\/{rel}","templated":true}]}}