{"id":452,"date":"2017-12-30T19:42:10","date_gmt":"2017-12-30T18:42:10","guid":{"rendered":"http:\/\/www.simillimum.org\/astrologia\/?page_id=452"},"modified":"2017-12-31T14:08:20","modified_gmt":"2017-12-31T13:08:20","slug":"archives","status":"publish","type":"page","link":"https:\/\/www.simillimum.org\/astrologia\/archives\/","title":{"rendered":"Archives"},"content":{"rendered":"<p>Vous trouverez sur cette page un listing de tous les billets \u00e9crits dans le blog par ordre chronologique descendant avec la cat\u00e9gorie.<br \/>\n<ul class=\"display-posts-listing\"><li class=\"listing-item\"><a class=\"title\" href=\"https:\/\/www.simillimum.org\/astrologia\/changement-de-paradigme-en-cours-noel-2022\/\">CHANGEMENT DE PARADIGME EN COURS, NO\u00cbL 2022<\/a> <span class=\"category-display\"><span class=\"category-display-label\">Posted in:<\/span> <a href=\"https:\/\/www.simillimum.org\/astrologia\/category\/astrologie\/\">Astrologie<\/a>, <a href=\"https:\/\/www.simillimum.org\/astrologia\/category\/astrologie\/astrologie-uranienne\/\">astrologie uranienne<\/a>, <a href=\"https:\/\/www.simillimum.org\/astrologia\/category\/astrologie\/bacchus\/\">Bacchus<\/a><\/span><\/li><li class=\"listing-item\"><a class=\"title\" href=\"https:\/\/www.simillimum.org\/astrologia\/la-crise-sanitaire-une-crise-du-materialisme\/\">La crise sanitaire : une crise du mat\u00e9rialisme<\/a> <span class=\"category-display\"><span class=\"category-display-label\">Posted in:<\/span> <a href=\"https:\/\/www.simillimum.org\/astrologia\/category\/astrologie\/pluton\/\">Pluton<\/a><\/span><\/li><li class=\"listing-item\"><a class=\"title\" href=\"https:\/\/www.simillimum.org\/astrologia\/le-grand-reveil-une-illusion-ou-une-realite\/\">Le grand r\u00e9veil : une illusion ou une r\u00e9alit\u00e9 ?<\/a> <span class=\"category-display\"><span class=\"category-display-label\">Posted in:<\/span> <a href=\"https:\/\/www.simillimum.org\/astrologia\/category\/astrologie\/astrologie-uranienne\/apollon\/\">Apollon<\/a>, <a href=\"https:\/\/www.simillimum.org\/astrologia\/category\/astrologie\/astrologie-uranienne\/\">astrologie uranienne<\/a>, <a href=\"https:\/\/www.simillimum.org\/astrologia\/category\/astrologie\/mi-points\/\">mi-points<\/a><\/span><\/li><li class=\"listing-item\"><a class=\"title\" href=\"https:\/\/www.simillimum.org\/astrologia\/donald-trump-persiste-et-signe-une-etude-en-astrologie-uranienne\/\">Donald Trump persiste et signe : une \u00e9tude en astrologie uranienne<\/a> <span class=\"category-display\"><span class=\"category-display-label\">Posted in:<\/span> <a href=\"https:\/\/www.simillimum.org\/astrologia\/category\/astrologie\/\">Astrologie<\/a><\/span><\/li><li class=\"listing-item\"><a class=\"title\" href=\"https:\/\/www.simillimum.org\/astrologia\/conjonction-jupiter-pluton-du-12-11-2020-et-ses-mi-points-en-astrologie-uranienne\/\">Conjonction Jupiter Pluton du 12 11 2020 en astrologie uranienne : vers un retour de la souverainet\u00e9 du peuple ?<\/a> <span class=\"category-display\"><span class=\"category-display-label\">Posted in:<\/span> <a href=\"https:\/\/www.simillimum.org\/astrologia\/category\/astrologie\/\">Astrologie<\/a>, <a href=\"https:\/\/www.simillimum.org\/astrologia\/category\/astrologie\/astrologie-uranienne\/\">astrologie uranienne<\/a>, <a href=\"https:\/\/www.simillimum.org\/astrologia\/category\/astrologie\/mi-points\/\">mi-points<\/a><\/span><\/li><li class=\"listing-item\"><a class=\"title\" href=\"https:\/\/www.simillimum.org\/astrologia\/point-vernal-sur-le-mi-point-de-saturne-et-admetos-signe-le-confinement-et-les-restrictions\/\">Point Vernal sur le mi-point de Saturne et Admetos signe le confinement et les restrictions<\/a> <span class=\"category-display\"><span class=\"category-display-label\">Posted in:<\/span> <a href=\"https:\/\/www.simillimum.org\/astrologia\/category\/astrologie\/astrologie-uranienne\/\">astrologie uranienne<\/a><\/span><\/li><li class=\"listing-item\"><a class=\"title\" href=\"https:\/\/www.simillimum.org\/astrologia\/covid19-et-cycle-mars-zeus\/\">Covid19 et cycle Mars\/Zeus<\/a> <span class=\"category-display\"><span class=\"category-display-label\">Posted in:<\/span> <a href=\"https:\/\/www.simillimum.org\/astrologia\/category\/astrologie\/astrologie-uranienne\/\">astrologie uranienne<\/a>, <a href=\"https:\/\/www.simillimum.org\/astrologia\/category\/astrologie\/astrologie-uranienne\/zeus\/\">Zeus<\/a><\/span><\/li><li class=\"listing-item\"><a class=\"title\" href=\"https:\/\/www.simillimum.org\/astrologia\/le-complexe-de-proserpine-et-la-crise-du-covid-une-lecture-astro-psychanalytique\/\">Le complexe de Proserpine et la crise du Covid : une lecture astro-psychanalytique<\/a> <span class=\"category-display\"><span class=\"category-display-label\">Posted in:<\/span> <a href=\"https:\/\/www.simillimum.org\/astrologia\/category\/astrologie\/proserpine\/\">Proserpine<\/a><\/span><\/li><li class=\"listing-item\"><a class=\"title\" href=\"https:\/\/www.simillimum.org\/astrologia\/uranus-taureau-sextile-hades-cancer-en-astrologie-mondiale\/\">Uranus Taureau sextile Had\u00e8s Cancer : la lumi\u00e8re r\u00e9v\u00e8le l&rsquo;obscur<\/a> <span class=\"category-display\"><span class=\"category-display-label\">Posted in:<\/span> <a href=\"https:\/\/www.simillimum.org\/astrologia\/category\/astrologie\/astrologie-uranienne\/\">astrologie uranienne<\/a>, <a href=\"https:\/\/www.simillimum.org\/astrologia\/category\/astrologie\/astrologie-uranienne\/hades\/\">Had\u00e8s<\/a>, <a href=\"https:\/\/www.simillimum.org\/astrologia\/category\/yi-king\/\">Yi KIng<\/a><\/span><\/li><li class=\"listing-item\"><a class=\"title\" href=\"https:\/\/www.simillimum.org\/astrologia\/didier-raoult-partie-2-etude-astro-retrospective-sur-le-conjoint-et-la-profession\/\">Didier Raoult (partie 2) \u2013 Etude astro-retrospective sur le conjoint et la profession<\/a> <span class=\"category-display\"><span class=\"category-display-label\">Posted in:<\/span> <a href=\"https:\/\/www.simillimum.org\/astrologia\/category\/astrologie\/astrologie-uranienne\/\">astrologie uranienne<\/a>, <a href=\"https:\/\/www.simillimum.org\/astrologia\/category\/didier-raoult\/\">Didier Raoult<\/a>, <a href=\"https:\/\/www.simillimum.org\/astrologia\/category\/astrologie\/mi-points\/\">mi-points<\/a><\/span><\/li><\/ul><\/p>\n","protected":false},"excerpt":{"rendered":"<p>Vous trouverez sur cette page un listing de tous les billets \u00e9crits dans le blog par ordre chronologique descendant avec la cat\u00e9gorie.<\/p>\n","protected":false},"author":2,"featured_media":0,"parent":0,"menu_order":5,"comment_status":"closed","ping_status":"closed","template":"","meta":{"footnotes":""},"class_list":["post-452","page","type-page","status-publish","hentry"],"aioseo_notices":[],"_links":{"self":[{"href":"https:\/\/www.simillimum.org\/astrologia\/wp-json\/wp\/v2\/pages\/452","targetHints":{"allow":["GET"]}}],"collection":[{"href":"https:\/\/www.simillimum.org\/astrologia\/wp-json\/wp\/v2\/pages"}],"about":[{"href":"https:\/\/www.simillimum.org\/astrologia\/wp-json\/wp\/v2\/types\/page"}],"author":[{"embeddable":true,"href":"https:\/\/www.simillimum.org\/astrologia\/wp-json\/wp\/v2\/users\/2"}],"replies":[{"embeddable":true,"href":"https:\/\/www.simillimum.org\/astrologia\/wp-json\/wp\/v2\/comments?post=452"}],"version-history":[{"count":10,"href":"https:\/\/www.simillimum.org\/astrologia\/wp-json\/wp\/v2\/pages\/452\/revisions"}],"predecessor-version":[{"id":464,"href":"https:\/\/www.simillimum.org\/astrologia\/wp-json\/wp\/v2\/pages\/452\/revisions\/464"}],"wp:attachment":[{"href":"https:\/\/www.simillimum.org\/astrologia\/wp-json\/wp\/v2\/media?parent=452"}],"curies":[{"name":"wp","href":"https:\/\/api.w.org\/{rel}","templated":true}]}}